{"id":2569,"date":"2025-03-30T12:49:36","date_gmt":"2025-03-30T15:49:36","guid":{"rendered":"https:\/\/granda.com.br\/reconhecimentos-2\/"},"modified":"2025-12-10T11:18:43","modified_gmt":"2025-12-10T14:18:43","slug":"reconhecimentos-2","status":"publish","type":"page","link":"https:\/\/granda.com.br\/en\/reconhecimentos-2\/","title":{"rendered":"RECONHECIMENTOS &#038; TRAJET\u00d3RIA"},"content":{"rendered":"","protected":false},"excerpt":{"rendered":"","protected":false},"author":1,"featured_media":0,"parent":0,"menu_order":0,"comment_status":"closed","ping_status":"closed","template":"","meta":{"footnotes":""},"class_list":["post-2569","page","type-page","status-publish","hentry"],"yoast_head":"<!-- This site is optimized with the Yoast SEO plugin v27.4 - https:\/\/yoast.com\/product\/yoast-seo-wordpress\/ -->\n<title>RECONHECIMENTOS &amp; TRAJET\u00d3RIA | Granda Advogados<\/title>\n<meta name=\"description\" content=\"Granda Advogados oferece assessoria jur\u00eddica multidisciplinar, consultiva e contenciosa, nas diversas \u00e1reas do Direito Empresarial.\" \/>\n<meta name=\"robots\" content=\"index, follow, max-snippet:-1, max-image-preview:large, max-video-preview:-1\" \/>\n<link rel=\"canonical\" href=\"https:\/\/granda.com.br\/en\/reconhecimentos-2\/\" \/>\n<meta property=\"og:locale\" content=\"en_US\" \/>\n<meta property=\"og:type\" content=\"article\" \/>\n<meta property=\"og:title\" content=\"RECONHECIMENTOS &amp; TRAJET\u00d3RIA | Granda Advogados\" \/>\n<meta property=\"og:description\" content=\"Granda Advogados oferece assessoria jur\u00eddica multidisciplinar, consultiva e contenciosa, nas diversas \u00e1reas do Direito Empresarial.\" \/>\n<meta property=\"og:url\" content=\"https:\/\/granda.com.br\/en\/reconhecimentos-2\/\" \/>\n<meta property=\"og:site_name\" content=\"Granda Advogados\" \/>\n<meta property=\"article:publisher\" content=\"https:\/\/www.facebook.com\/Granda-Advogados-215807355224688\/\" \/>\n<meta property=\"article:modified_time\" content=\"2025-12-10T14:18:43+00:00\" \/>\n<meta name=\"twitter:card\" content=\"summary_large_image\" \/>\n<meta name=\"twitter:site\" content=\"@GrandaAdvogados\" \/>\n<script type=\"application\/ld+json\" class=\"yoast-schema-graph\">{\"@context\":\"https:\\\/\\\/schema.org\",\"@graph\":[{\"@type\":\"WebPage\",\"@id\":\"https:\\\/\\\/granda.com.br\\\/en\\\/reconhecimentos-2\\\/\",\"url\":\"https:\\\/\\\/granda.com.br\\\/en\\\/reconhecimentos-2\\\/\",\"name\":\"RECONHECIMENTOS & TRAJET\u00d3RIA | Granda Advogados\",\"isPartOf\":{\"@id\":\"https:\\\/\\\/granda.com.br\\\/#website\"},\"datePublished\":\"2025-03-30T15:49:36+00:00\",\"dateModified\":\"2025-12-10T14:18:43+00:00\",\"description\":\"Granda Advogados oferece assessoria jur\u00eddica multidisciplinar, consultiva e contenciosa, nas diversas \u00e1reas do Direito Empresarial.\",\"breadcrumb\":{\"@id\":\"https:\\\/\\\/granda.com.br\\\/en\\\/reconhecimentos-2\\\/#breadcrumb\"},\"inLanguage\":\"en-US\",\"potentialAction\":[{\"@type\":\"ReadAction\",\"target\":[\"https:\\\/\\\/granda.com.br\\\/en\\\/reconhecimentos-2\\\/\"]}]},{\"@type\":\"BreadcrumbList\",\"@id\":\"https:\\\/\\\/granda.com.br\\\/en\\\/reconhecimentos-2\\\/#breadcrumb\",\"itemListElement\":[{\"@type\":\"ListItem\",\"position\":1,\"name\":\"In\u00edcio\",\"item\":\"https:\\\/\\\/granda.com.br\\\/en\\\/\"},{\"@type\":\"ListItem\",\"position\":2,\"name\":\"RECONHECIMENTOS &#038; TRAJET\u00d3RIA\"}]},{\"@type\":\"WebSite\",\"@id\":\"https:\\\/\\\/granda.com.br\\\/#website\",\"url\":\"https:\\\/\\\/granda.com.br\\\/\",\"name\":\"Granda Advogados\",\"description\":\"Assessoria Jur\u00eddica, Direito Empresarial\",\"publisher\":{\"@id\":\"https:\\\/\\\/granda.com.br\\\/#organization\"},\"potentialAction\":[{\"@type\":\"SearchAction\",\"target\":{\"@type\":\"EntryPoint\",\"urlTemplate\":\"https:\\\/\\\/granda.com.br\\\/?s={search_term_string}\"},\"query-input\":{\"@type\":\"PropertyValueSpecification\",\"valueRequired\":true,\"valueName\":\"search_term_string\"}}],\"inLanguage\":\"en-US\"},{\"@type\":\"Organization\",\"@id\":\"https:\\\/\\\/granda.com.br\\\/#organization\",\"name\":\"Granda Advogados\",\"url\":\"https:\\\/\\\/granda.com.br\\\/\",\"logo\":{\"@type\":\"ImageObject\",\"inLanguage\":\"en-US\",\"@id\":\"https:\\\/\\\/granda.com.br\\\/#\\\/schema\\\/logo\\\/image\\\/\",\"url\":\"https:\\\/\\\/granda.com.br\\\/wp-content\\\/uploads\\\/2016\\\/06\\\/Logo_Granda_Advogados.png\",\"contentUrl\":\"https:\\\/\\\/granda.com.br\\\/wp-content\\\/uploads\\\/2016\\\/06\\\/Logo_Granda_Advogados.png\",\"width\":264,\"height\":266,\"caption\":\"Granda Advogados\"},\"image\":{\"@id\":\"https:\\\/\\\/granda.com.br\\\/#\\\/schema\\\/logo\\\/image\\\/\"},\"sameAs\":[\"https:\\\/\\\/www.facebook.com\\\/Granda-Advogados-215807355224688\\\/\",\"https:\\\/\\\/x.com\\\/GrandaAdvogados\",\"https:\\\/\\\/www.linkedin.com\\\/company\\\/granda-advogados\"]}]}<\/script>\n<!-- \/ Yoast SEO plugin. -->","yoast_head_json":{"title":"RECONHECIMENTOS & TRAJET\u00d3RIA | Granda Advogados","description":"Granda Advogados oferece assessoria jur\u00eddica multidisciplinar, consultiva e contenciosa, nas diversas \u00e1reas do Direito Empresarial.","robots":{"index":"index","follow":"follow","max-snippet":"max-snippet:-1","max-image-preview":"max-image-preview:large","max-video-preview":"max-video-preview:-1"},"canonical":"https:\/\/granda.com.br\/en\/reconhecimentos-2\/","og_locale":"en_US","og_type":"article","og_title":"RECONHECIMENTOS & TRAJET\u00d3RIA | Granda Advogados","og_description":"Granda Advogados oferece assessoria jur\u00eddica multidisciplinar, consultiva e contenciosa, nas diversas \u00e1reas do Direito Empresarial.","og_url":"https:\/\/granda.com.br\/en\/reconhecimentos-2\/","og_site_name":"Granda Advogados","article_publisher":"https:\/\/www.facebook.com\/Granda-Advogados-215807355224688\/","article_modified_time":"2025-12-10T14:18:43+00:00","twitter_card":"summary_large_image","twitter_site":"@GrandaAdvogados","schema":{"@context":"https:\/\/schema.org","@graph":[{"@type":"WebPage","@id":"https:\/\/granda.com.br\/en\/reconhecimentos-2\/","url":"https:\/\/granda.com.br\/en\/reconhecimentos-2\/","name":"RECONHECIMENTOS & TRAJET\u00d3RIA | Granda Advogados","isPartOf":{"@id":"https:\/\/granda.com.br\/#website"},"datePublished":"2025-03-30T15:49:36+00:00","dateModified":"2025-12-10T14:18:43+00:00","description":"Granda Advogados oferece assessoria jur\u00eddica multidisciplinar, consultiva e contenciosa, nas diversas \u00e1reas do Direito Empresarial.","breadcrumb":{"@id":"https:\/\/granda.com.br\/en\/reconhecimentos-2\/#breadcrumb"},"inLanguage":"en-US","potentialAction":[{"@type":"ReadAction","target":["https:\/\/granda.com.br\/en\/reconhecimentos-2\/"]}]},{"@type":"BreadcrumbList","@id":"https:\/\/granda.com.br\/en\/reconhecimentos-2\/#breadcrumb","itemListElement":[{"@type":"ListItem","position":1,"name":"In\u00edcio","item":"https:\/\/granda.com.br\/en\/"},{"@type":"ListItem","position":2,"name":"RECONHECIMENTOS &#038; TRAJET\u00d3RIA"}]},{"@type":"WebSite","@id":"https:\/\/granda.com.br\/#website","url":"https:\/\/granda.com.br\/","name":"Granda Advogados","description":"Assessoria Jur\u00eddica, Direito Empresarial","publisher":{"@id":"https:\/\/granda.com.br\/#organization"},"potentialAction":[{"@type":"SearchAction","target":{"@type":"EntryPoint","urlTemplate":"https:\/\/granda.com.br\/?s={search_term_string}"},"query-input":{"@type":"PropertyValueSpecification","valueRequired":true,"valueName":"search_term_string"}}],"inLanguage":"en-US"},{"@type":"Organization","@id":"https:\/\/granda.com.br\/#organization","name":"Granda Advogados","url":"https:\/\/granda.com.br\/","logo":{"@type":"ImageObject","inLanguage":"en-US","@id":"https:\/\/granda.com.br\/#\/schema\/logo\/image\/","url":"https:\/\/granda.com.br\/wp-content\/uploads\/2016\/06\/Logo_Granda_Advogados.png","contentUrl":"https:\/\/granda.com.br\/wp-content\/uploads\/2016\/06\/Logo_Granda_Advogados.png","width":264,"height":266,"caption":"Granda Advogados"},"image":{"@id":"https:\/\/granda.com.br\/#\/schema\/logo\/image\/"},"sameAs":["https:\/\/www.facebook.com\/Granda-Advogados-215807355224688\/","https:\/\/x.com\/GrandaAdvogados","https:\/\/www.linkedin.com\/company\/granda-advogados"]}]}},"_links":{"self":[{"href":"https:\/\/granda.com.br\/en\/wp-json\/wp\/v2\/pages\/2569","targetHints":{"allow":["GET"]}}],"collection":[{"href":"https:\/\/granda.com.br\/en\/wp-json\/wp\/v2\/pages"}],"about":[{"href":"https:\/\/granda.com.br\/en\/wp-json\/wp\/v2\/types\/page"}],"author":[{"embeddable":true,"href":"https:\/\/granda.com.br\/en\/wp-json\/wp\/v2\/users\/1"}],"replies":[{"embeddable":true,"href":"https:\/\/granda.com.br\/en\/wp-json\/wp\/v2\/comments?post=2569"}],"version-history":[{"count":3,"href":"https:\/\/granda.com.br\/en\/wp-json\/wp\/v2\/pages\/2569\/revisions"}],"predecessor-version":[{"id":2616,"href":"https:\/\/granda.com.br\/en\/wp-json\/wp\/v2\/pages\/2569\/revisions\/2616"}],"wp:attachment":[{"href":"https:\/\/granda.com.br\/en\/wp-json\/wp\/v2\/media?parent=2569"}],"curies":[{"name":"wp","href":"https:\/\/api.w.org\/{rel}","templated":true}]}}